{"id":117,"date":"2019-09-08T14:24:11","date_gmt":"2019-09-08T12:24:11","guid":{"rendered":"http:\/\/dominiquerectem.be\/?page_id=117"},"modified":"2019-09-08T14:30:13","modified_gmt":"2019-09-08T12:30:13","slug":"danse-avec-moi-infos-techniques","status":"publish","type":"page","link":"https:\/\/dominiquerectem.be\/index.php\/danse-avec-moi-infos-techniques\/","title":{"rendered":"Infos techniques"},"content":{"rendered":"\n<figure class=\"wp-block-image\"><img loading=\"lazy\" decoding=\"async\" width=\"1024\" height=\"212\" src=\"http:\/\/dominiquerectem.be\/wp-content\/uploads\/2019\/09\/danseavecmoiheader-1024x212.jpg\" alt=\"\" class=\"wp-image-75\" srcset=\"https:\/\/dominiquerectem.be\/wp-content\/uploads\/2019\/09\/danseavecmoiheader-1024x212.jpg 1024w, https:\/\/dominiquerectem.be\/wp-content\/uploads\/2019\/09\/danseavecmoiheader-300x62.jpg 300w, https:\/\/dominiquerectem.be\/wp-content\/uploads\/2019\/09\/danseavecmoiheader-768x159.jpg 768w, https:\/\/dominiquerectem.be\/wp-content\/uploads\/2019\/09\/danseavecmoiheader.jpg 1423w\" sizes=\"auto, (max-width: 1024px) 100vw, 1024px\" \/><\/figure>\n\n\n\n<h2 class=\"wp-block-heading\">Fiche technique  &#8220;Danse avec moi&#8221;<\/h2>\n\n\n\n<p class=\"has-text-color has-vivid-red-color\"><strong>les r\u00e9gies son et lumi\u00e8res doivent \u00eatre c\u00f4te \u00e0 c\u00f4te<\/strong><\/p>\n\n\n\n<h3 class=\"wp-block-heading\">Plateau<\/h3>\n\n\n\n<h4 class=\"wp-block-heading\">Nous avons besoin<\/h4>\n\n\n\n<ul class=\"wp-block-list\"><li>dimensions minimales 6m de large et 5m de profondeur<\/li><li>pendrillons \u00e0 l&#8217;italienne<\/li><li>fond de sc\u00e8ne noir<\/li><\/ul>\n\n\n\n<h4 class=\"wp-block-heading\">Nous fournissons<\/h4>\n\n\n\n<p>Nous fournissons tous les \u00e9l\u00e9ments de d\u00e9cor<\/p>\n\n\n\n<h3 class=\"wp-block-heading\">Lumi\u00e8res<\/h3>\n\n\n\n<p><strong>Tout  le mat\u00e9riel lumi\u00e8re est fourni par l&#8217;organisateur<\/strong><\/p>\n\n\n\n<h4 class=\"wp-block-heading\">Nous avons besoin<\/h4>\n\n\n\n<ul class=\"wp-block-list\"><li>Une table de mixage (minimum 4 entr\u00e9es mon, 2 entr\u00e9es st\u00e9r\u00e9o et 3 AUX)<\/li><li>Un syst\u00e8me de diffusion, fa\u00e7ade et retours<\/li><li>Consoles d&#8217;effets <\/li><\/ul>\n\n\n\n<h4 class=\"wp-block-heading\">Nous fournissons<\/h4>\n\n\n\n<ul class=\"wp-block-list\"><li>Micros HF<\/li><\/ul>\n\n\n\n<h3 class=\"wp-block-heading\">Son<\/h3>\n\n\n\n<h4 class=\"wp-block-heading\">Nous avons besoin<\/h4>\n\n\n\n<ul class=\"wp-block-list\"><li>Une table de mixage (minimum 2 entr\u00e9es st\u00e9r\u00e9o et 3 AUX)<\/li><li>Un syst\u00e8me de diffusion fa\u00e7ade et retours<\/li><\/ul>\n\n\n\n<h4 class=\"wp-block-heading\">Nous fournissons<\/h4>\n\n\n\n<ul class=\"wp-block-list\"><li>consoles d&#8217;effets<\/li><li>micros<\/li><\/ul>\n\n\n\n<h3 class=\"wp-block-heading\">Divers<\/h3>\n\n\n\n<h4 class=\"wp-block-heading\">Nous avons besoin<\/h4>\n\n\n\n<ul class=\"wp-block-list\"><li>2 loges correctement \u00e9quip\u00e9es<\/li><\/ul>\n\n\n\n<h3 class=\"wp-block-heading\">Technique<\/h3>\n\n\n\n<h4 class=\"wp-block-heading\">Nous avons besoin<\/h4>\n\n\n\n<ul class=\"wp-block-list\"><li>Un technicien son et lumi\u00e8res pour 2 services de 4h00<\/li><\/ul>\n\n\n\n<h4 class=\"wp-block-heading\">Nous fournissons<\/h4>\n\n\n\n<ul class=\"wp-block-list\"><li>Un technicien son et lumi\u00e8res<\/li><\/ul>\n\n\n\n<h3 class=\"wp-block-heading\">Installation et r\u00e9p\u00e9tition<\/h3>\n\n\n\n<p>Nous souhaitons disposer de la salle et des \u00e9quipements son et lumi\u00e8res, la veille du spectacle, \u00e0 partir de 10h00,<\/p>\n\n\n\n<p>la veille du spectacle: montage d\u00e9cor, installation du son et des \u00e9clairages, r\u00e9p\u00e9tition<\/p>\n\n\n\n<p>le jour du spectacle: \u00e9ventuellement derni\u00e8res mises au point<\/p>\n\n\n\n<p>Ce spectacle s\u2019adapte dans la mesure du possible \u00e0 la configuration de la salle, la fiche technique est donc donn\u00e9e \u00e0 titre indicatif. Merci de nous contacter pour \u00e9tudier toute situation particuli\u00e8re et pour \u00e9tablir une fiche technique plus pr\u00e9cise.<\/p>\n\n\n\n<p><strong>Un plan de la salle et votre fiche technique nous seront envoy\u00e9s avant l&#8217;acceptation du contrat.<\/strong><\/p>\n","protected":false},"excerpt":{"rendered":"<p>Fiche technique &#8220;Danse avec moi&#8221; les r\u00e9gies son et lumi\u00e8res doivent \u00eatre c\u00f4te \u00e0 c\u00f4te Plateau Nous avons besoin dimensions minimales 6m de large et 5m de profondeur pendrillons \u00e0 l&#8217;italienne fond de sc\u00e8ne noir Nous fournissons Nous fournissons tous les \u00e9l\u00e9ments de d\u00e9cor Lumi\u00e8res Tout le mat\u00e9riel lumi\u00e8re est fourni par l&#8217;organisateur Nous avons [&hellip;]<\/p>\n","protected":false},"author":1,"featured_media":0,"parent":0,"menu_order":0,"comment_status":"closed","ping_status":"closed","template":"","meta":{"footnotes":""},"class_list":["post-117","page","type-page","status-publish","hentry"],"yoast_head":"<!-- This site is optimized with the Yoast SEO plugin v27.4 - https:\/\/yoast.com\/product\/yoast-seo-wordpress\/ -->\n<title>Infos techniques - Dominique Rectem<\/title>\n<meta name=\"robots\" content=\"index, follow, max-snippet:-1, max-image-preview:large, max-video-preview:-1\" \/>\n<link rel=\"canonical\" href=\"https:\/\/dominiquerectem.be\/index.php\/danse-avec-moi-infos-techniques\/\" \/>\n<meta property=\"og:locale\" content=\"en_US\" \/>\n<meta property=\"og:type\" content=\"article\" \/>\n<meta property=\"og:title\" content=\"Infos techniques - Dominique Rectem\" \/>\n<meta property=\"og:description\" content=\"Fiche technique &#8220;Danse avec moi&#8221; les r\u00e9gies son et lumi\u00e8res doivent \u00eatre c\u00f4te \u00e0 c\u00f4te Plateau Nous avons besoin dimensions minimales 6m de large et 5m de profondeur pendrillons \u00e0 l&#8217;italienne fond de sc\u00e8ne noir Nous fournissons Nous fournissons tous les \u00e9l\u00e9ments de d\u00e9cor Lumi\u00e8res Tout le mat\u00e9riel lumi\u00e8re est fourni par l&#8217;organisateur Nous avons [&hellip;]\" \/>\n<meta property=\"og:url\" content=\"https:\/\/dominiquerectem.be\/index.php\/danse-avec-moi-infos-techniques\/\" \/>\n<meta property=\"og:site_name\" content=\"Dominique Rectem\" \/>\n<meta property=\"article:publisher\" content=\"https:\/\/www.facebook.com\/rectem.dominique\" \/>\n<meta property=\"article:modified_time\" content=\"2019-09-08T12:30:13+00:00\" \/>\n<meta property=\"og:image\" content=\"http:\/\/dominiquerectem.be\/wp-content\/uploads\/2019\/09\/danseavecmoiheader-1024x212.jpg\" \/>\n<meta name=\"twitter:card\" content=\"summary_large_image\" \/>\n<meta name=\"twitter:site\" content=\"@DRectem\" \/>\n<meta name=\"twitter:label1\" content=\"Est. reading time\" \/>\n\t<meta name=\"twitter:data1\" content=\"1 minute\" \/>\n<script type=\"application\/ld+json\" class=\"yoast-schema-graph\">{\"@context\":\"https:\\\/\\\/schema.org\",\"@graph\":[{\"@type\":\"WebPage\",\"@id\":\"https:\\\/\\\/dominiquerectem.be\\\/index.php\\\/danse-avec-moi-infos-techniques\\\/\",\"url\":\"https:\\\/\\\/dominiquerectem.be\\\/index.php\\\/danse-avec-moi-infos-techniques\\\/\",\"name\":\"Infos techniques - Dominique Rectem\",\"isPartOf\":{\"@id\":\"https:\\\/\\\/dominiquerectem.be\\\/#website\"},\"primaryImageOfPage\":{\"@id\":\"https:\\\/\\\/dominiquerectem.be\\\/index.php\\\/danse-avec-moi-infos-techniques\\\/#primaryimage\"},\"image\":{\"@id\":\"https:\\\/\\\/dominiquerectem.be\\\/index.php\\\/danse-avec-moi-infos-techniques\\\/#primaryimage\"},\"thumbnailUrl\":\"http:\\\/\\\/dominiquerectem.be\\\/wp-content\\\/uploads\\\/2019\\\/09\\\/danseavecmoiheader-1024x212.jpg\",\"datePublished\":\"2019-09-08T12:24:11+00:00\",\"dateModified\":\"2019-09-08T12:30:13+00:00\",\"breadcrumb\":{\"@id\":\"https:\\\/\\\/dominiquerectem.be\\\/index.php\\\/danse-avec-moi-infos-techniques\\\/#breadcrumb\"},\"inLanguage\":\"en-US\",\"potentialAction\":[{\"@type\":\"ReadAction\",\"target\":[\"https:\\\/\\\/dominiquerectem.be\\\/index.php\\\/danse-avec-moi-infos-techniques\\\/\"]}]},{\"@type\":\"ImageObject\",\"inLanguage\":\"en-US\",\"@id\":\"https:\\\/\\\/dominiquerectem.be\\\/index.php\\\/danse-avec-moi-infos-techniques\\\/#primaryimage\",\"url\":\"https:\\\/\\\/dominiquerectem.be\\\/wp-content\\\/uploads\\\/2019\\\/09\\\/danseavecmoiheader.jpg\",\"contentUrl\":\"https:\\\/\\\/dominiquerectem.be\\\/wp-content\\\/uploads\\\/2019\\\/09\\\/danseavecmoiheader.jpg\",\"width\":1423,\"height\":294},{\"@type\":\"BreadcrumbList\",\"@id\":\"https:\\\/\\\/dominiquerectem.be\\\/index.php\\\/danse-avec-moi-infos-techniques\\\/#breadcrumb\",\"itemListElement\":[{\"@type\":\"ListItem\",\"position\":1,\"name\":\"Home\",\"item\":\"https:\\\/\\\/dominiquerectem.be\\\/\"},{\"@type\":\"ListItem\",\"position\":2,\"name\":\"Infos techniques\"}]},{\"@type\":\"WebSite\",\"@id\":\"https:\\\/\\\/dominiquerectem.be\\\/#website\",\"url\":\"https:\\\/\\\/dominiquerectem.be\\\/\",\"name\":\"Dominique Rectem\",\"description\":\"Chanteur \u2013 Animateur \u2013 Com\u00e9dien\",\"publisher\":{\"@id\":\"https:\\\/\\\/dominiquerectem.be\\\/#\\\/schema\\\/person\\\/10b02f0bd839c3322024ddbc1537f4eb\"},\"potentialAction\":[{\"@type\":\"SearchAction\",\"target\":{\"@type\":\"EntryPoint\",\"urlTemplate\":\"https:\\\/\\\/dominiquerectem.be\\\/?s={search_term_string}\"},\"query-input\":{\"@type\":\"PropertyValueSpecification\",\"valueRequired\":true,\"valueName\":\"search_term_string\"}}],\"inLanguage\":\"en-US\"},{\"@type\":[\"Person\",\"Organization\"],\"@id\":\"https:\\\/\\\/dominiquerectem.be\\\/#\\\/schema\\\/person\\\/10b02f0bd839c3322024ddbc1537f4eb\",\"name\":\"Dominique Rectem\",\"image\":{\"@type\":\"ImageObject\",\"inLanguage\":\"en-US\",\"@id\":\"http:\\\/\\\/dominiquerectem.be\\\/wp-content\\\/uploads\\\/2016\\\/12\\\/parcoursdom.jpg\",\"url\":\"http:\\\/\\\/dominiquerectem.be\\\/wp-content\\\/uploads\\\/2016\\\/12\\\/parcoursdom.jpg\",\"contentUrl\":\"http:\\\/\\\/dominiquerectem.be\\\/wp-content\\\/uploads\\\/2016\\\/12\\\/parcoursdom.jpg\",\"width\":309,\"height\":372,\"caption\":\"Dominique Rectem\"},\"logo\":{\"@id\":\"http:\\\/\\\/dominiquerectem.be\\\/wp-content\\\/uploads\\\/2016\\\/12\\\/parcoursdom.jpg\"},\"sameAs\":[\"http:\\\/\\\/www.dominiquerectem.be\",\"https:\\\/\\\/www.facebook.com\\\/rectem.dominique\",\"https:\\\/\\\/www.instagram.com\\\/domi_tem\\\/\",\"https:\\\/\\\/www.linkedin.com\\\/in\\\/dominique-rectem-a3a4a878\",\"https:\\\/\\\/x.com\\\/https:\\\/\\\/twitter.com\\\/DRectem\"]}]}<\/script>\n<!-- \/ Yoast SEO plugin. -->","yoast_head_json":{"title":"Infos techniques - Dominique Rectem","robots":{"index":"index","follow":"follow","max-snippet":"max-snippet:-1","max-image-preview":"max-image-preview:large","max-video-preview":"max-video-preview:-1"},"canonical":"https:\/\/dominiquerectem.be\/index.php\/danse-avec-moi-infos-techniques\/","og_locale":"en_US","og_type":"article","og_title":"Infos techniques - Dominique Rectem","og_description":"Fiche technique &#8220;Danse avec moi&#8221; les r\u00e9gies son et lumi\u00e8res doivent \u00eatre c\u00f4te \u00e0 c\u00f4te Plateau Nous avons besoin dimensions minimales 6m de large et 5m de profondeur pendrillons \u00e0 l&#8217;italienne fond de sc\u00e8ne noir Nous fournissons Nous fournissons tous les \u00e9l\u00e9ments de d\u00e9cor Lumi\u00e8res Tout le mat\u00e9riel lumi\u00e8re est fourni par l&#8217;organisateur Nous avons [&hellip;]","og_url":"https:\/\/dominiquerectem.be\/index.php\/danse-avec-moi-infos-techniques\/","og_site_name":"Dominique Rectem","article_publisher":"https:\/\/www.facebook.com\/rectem.dominique","article_modified_time":"2019-09-08T12:30:13+00:00","og_image":[{"url":"http:\/\/dominiquerectem.be\/wp-content\/uploads\/2019\/09\/danseavecmoiheader-1024x212.jpg","type":"","width":"","height":""}],"twitter_card":"summary_large_image","twitter_site":"@DRectem","twitter_misc":{"Est. reading time":"1 minute"},"schema":{"@context":"https:\/\/schema.org","@graph":[{"@type":"WebPage","@id":"https:\/\/dominiquerectem.be\/index.php\/danse-avec-moi-infos-techniques\/","url":"https:\/\/dominiquerectem.be\/index.php\/danse-avec-moi-infos-techniques\/","name":"Infos techniques - Dominique Rectem","isPartOf":{"@id":"https:\/\/dominiquerectem.be\/#website"},"primaryImageOfPage":{"@id":"https:\/\/dominiquerectem.be\/index.php\/danse-avec-moi-infos-techniques\/#primaryimage"},"image":{"@id":"https:\/\/dominiquerectem.be\/index.php\/danse-avec-moi-infos-techniques\/#primaryimage"},"thumbnailUrl":"http:\/\/dominiquerectem.be\/wp-content\/uploads\/2019\/09\/danseavecmoiheader-1024x212.jpg","datePublished":"2019-09-08T12:24:11+00:00","dateModified":"2019-09-08T12:30:13+00:00","breadcrumb":{"@id":"https:\/\/dominiquerectem.be\/index.php\/danse-avec-moi-infos-techniques\/#breadcrumb"},"inLanguage":"en-US","potentialAction":[{"@type":"ReadAction","target":["https:\/\/dominiquerectem.be\/index.php\/danse-avec-moi-infos-techniques\/"]}]},{"@type":"ImageObject","inLanguage":"en-US","@id":"https:\/\/dominiquerectem.be\/index.php\/danse-avec-moi-infos-techniques\/#primaryimage","url":"https:\/\/dominiquerectem.be\/wp-content\/uploads\/2019\/09\/danseavecmoiheader.jpg","contentUrl":"https:\/\/dominiquerectem.be\/wp-content\/uploads\/2019\/09\/danseavecmoiheader.jpg","width":1423,"height":294},{"@type":"BreadcrumbList","@id":"https:\/\/dominiquerectem.be\/index.php\/danse-avec-moi-infos-techniques\/#breadcrumb","itemListElement":[{"@type":"ListItem","position":1,"name":"Home","item":"https:\/\/dominiquerectem.be\/"},{"@type":"ListItem","position":2,"name":"Infos techniques"}]},{"@type":"WebSite","@id":"https:\/\/dominiquerectem.be\/#website","url":"https:\/\/dominiquerectem.be\/","name":"Dominique Rectem","description":"Chanteur \u2013 Animateur \u2013 Com\u00e9dien","publisher":{"@id":"https:\/\/dominiquerectem.be\/#\/schema\/person\/10b02f0bd839c3322024ddbc1537f4eb"},"potentialAction":[{"@type":"SearchAction","target":{"@type":"EntryPoint","urlTemplate":"https:\/\/dominiquerectem.be\/?s={search_term_string}"},"query-input":{"@type":"PropertyValueSpecification","valueRequired":true,"valueName":"search_term_string"}}],"inLanguage":"en-US"},{"@type":["Person","Organization"],"@id":"https:\/\/dominiquerectem.be\/#\/schema\/person\/10b02f0bd839c3322024ddbc1537f4eb","name":"Dominique Rectem","image":{"@type":"ImageObject","inLanguage":"en-US","@id":"http:\/\/dominiquerectem.be\/wp-content\/uploads\/2016\/12\/parcoursdom.jpg","url":"http:\/\/dominiquerectem.be\/wp-content\/uploads\/2016\/12\/parcoursdom.jpg","contentUrl":"http:\/\/dominiquerectem.be\/wp-content\/uploads\/2016\/12\/parcoursdom.jpg","width":309,"height":372,"caption":"Dominique Rectem"},"logo":{"@id":"http:\/\/dominiquerectem.be\/wp-content\/uploads\/2016\/12\/parcoursdom.jpg"},"sameAs":["http:\/\/www.dominiquerectem.be","https:\/\/www.facebook.com\/rectem.dominique","https:\/\/www.instagram.com\/domi_tem\/","https:\/\/www.linkedin.com\/in\/dominique-rectem-a3a4a878","https:\/\/x.com\/https:\/\/twitter.com\/DRectem"]}]}},"_links":{"self":[{"href":"https:\/\/dominiquerectem.be\/index.php\/wp-json\/wp\/v2\/pages\/117","targetHints":{"allow":["GET"]}}],"collection":[{"href":"https:\/\/dominiquerectem.be\/index.php\/wp-json\/wp\/v2\/pages"}],"about":[{"href":"https:\/\/dominiquerectem.be\/index.php\/wp-json\/wp\/v2\/types\/page"}],"author":[{"embeddable":true,"href":"https:\/\/dominiquerectem.be\/index.php\/wp-json\/wp\/v2\/users\/1"}],"replies":[{"embeddable":true,"href":"https:\/\/dominiquerectem.be\/index.php\/wp-json\/wp\/v2\/comments?post=117"}],"version-history":[{"count":2,"href":"https:\/\/dominiquerectem.be\/index.php\/wp-json\/wp\/v2\/pages\/117\/revisions"}],"predecessor-version":[{"id":135,"href":"https:\/\/dominiquerectem.be\/index.php\/wp-json\/wp\/v2\/pages\/117\/revisions\/135"}],"wp:attachment":[{"href":"https:\/\/dominiquerectem.be\/index.php\/wp-json\/wp\/v2\/media?parent=117"}],"curies":[{"name":"wp","href":"https:\/\/api.w.org\/{rel}","templated":true}]}}