{"id":17,"date":"2016-11-15T20:08:26","date_gmt":"2016-11-15T19:08:26","guid":{"rendered":"https:\/\/dominiquerectem.wordpress.com\/?page_id=17"},"modified":"2019-09-14T12:09:14","modified_gmt":"2019-09-14T10:09:14","slug":"parcours-artistique","status":"publish","type":"page","link":"https:\/\/dominiquerectem.be\/index.php\/parcours-artistique\/","title":{"rendered":"Parcours artistique"},"content":{"rendered":"<p style=\"text-align: justify;\"><img loading=\"lazy\" decoding=\"async\" class=\"alignright size-medium wp-image-43\" src=\"http:\/\/dominiquerectem.be\/wp-content\/uploads\/2016\/12\/parcoursdom.jpg?w=249\" alt=\"parcoursdom\" width=\"249\" height=\"300\" srcset=\"https:\/\/dominiquerectem.be\/wp-content\/uploads\/2016\/12\/parcoursdom.jpg 309w, https:\/\/dominiquerectem.be\/wp-content\/uploads\/2016\/12\/parcoursdom-249x300.jpg 249w\" sizes=\"auto, (max-width: 249px) 100vw, 249px\" \/>Apr\u00e8s ses classes de diction et de d\u00e9clamation, Dominique prend des cours d\u2019art dramatique avec <strong>Vincent Dujardin<\/strong> au conservatoire de Ciney.<\/p>\n<p style=\"text-align: justify;\">Il re\u00e7oit \u00e0 deux reprises, le deuxi\u00e8me prix national de d\u00e9clamation. Il devient ensuite com\u00e9dien sur plusieurs projets avec diff\u00e9rentes troupes de th\u00e9\u00e2tre qui seront prim\u00e9es et recevront le Troph\u00e9e royal de la <strong>FNCD (F\u00e9d\u00e9ration Nationale des Compagnies Dramatiques)<\/strong>, en 1998, avec <em>Noces de Sang<\/em> de <strong>Garcia Lorca<\/strong>\u00a0; et avec <em>La Maison de Tellier<\/em> de <strong>Maupassant<\/strong> en 2007.<\/p>\n<p style=\"text-align: justify;\">Au th\u00e9\u00e2tre, il est distribu\u00e9 dans\u00a0: <strong>Moli\u00e8re, Maupassant, Tardieu, Guitry, Shakespeare, Tch\u00e9khov, Tennessee Williams, de Musset, Courteline<\/strong>\u2026 Il pr\u00e9pare sa prochaine saison avec un spectacle de<strong>\u00a0G\u00e9rald Sibleyras<\/strong>\u00a0et\u00a0<strong>Jean Dell<\/strong>\u00a0\u00a0avec la compagnie dont il est \u00e0 l\u2019origine\u00a0: <em>Les homards de Vinci<\/em>.<\/p>\n<p style=\"text-align: justify;\">En 2005, il choisit de vivre sa v\u00e9ritable passion\u00a0: le chant.\u00a0De 2007 \u00e0 2010, il s\u2019illustre en tant que chanteur et com\u00e9dien dans les revues fran\u00e7aises du <strong>Trocad\u00e9ro de Li\u00e8ge<\/strong>. En 2011, il s\u2019associe \u00e0 Christelle Godin, artiste fran\u00e7aise, pour une cr\u00e9ation qui rassemble leur int\u00e9r\u00eat commun pour le th\u00e9\u00e2tre et la chanson\u00a0: \u00ab\u00a0<a href=\"http:\/\/dominiquerectem.be\/index.php\/danse-avec-moi\/\">Danse avec moi\u00a0<\/a>\u00bb.<\/p>\n<p style=\"text-align: justify;\">Dominique passe aussi par le <strong>Forum de Li\u00e8ge<\/strong> dans le spectacle musical<br \/>\n<em>Enchant\u00e9 Tome 2\u00a0: le livre des contes des orphelins<\/em>.<\/p>\n<p style=\"text-align: justify;\">Il rejoint la troupe <em>Golden 2000<\/em> de <strong>Jos\u00e9 Pick<\/strong> la saison derni\u00e8re avec laquelle il donne, au <strong>Trianon de Li\u00e8ge<\/strong> ou au <strong>Th\u00e9\u00e2tre S\u00e9bastopol \u00e0 Lille<\/strong>, des spectacles en tout genre, des vari\u00e9t\u00e9s \u00e0 la Revue Parisienne en passant par l\u2019op\u00e9rette.<\/p>\n<p style=\"text-align: justify;\">Sa saison se poursuit au Trianon de Li\u00e8ge, toujours avec la troupe Golden 2000 pour un spectacle <em>Ray Ventura et ses coll\u00e9giens.<\/em><\/p>\n<p style=\"text-align: justify;\">En 2015, il est engag\u00e9 sur une com\u00e9die lyrique au <strong>Ch\u00e2teau de la Hulpe<\/strong>\u00a0: <em>Les Bijoux de la Castafiore\u00a0<\/em>d\u2019<strong>Herg\u00e9<\/strong>. C\u2019est avec beaucoup de fiert\u00e9 et d\u2019enthousiasme que Dominique rel\u00e8ve ce nouveau d\u00e9fi en tant que com\u00e9dien dans ce d\u00e9cor prestigieux.<\/p>\n<p style=\"text-align: justify;\">Aujourd\u2019hui son carnet d\u2019adresses est tr\u00e8s bien rempli : galas, tours de chant\u2026son r\u00e9pertoire de vari\u00e9t\u00e9s est \u00e9tendu et toujours adapt\u00e9 au public.<\/p>\n<p style=\"text-align: justify;\">Cette ann\u00e9e, il s\u2019essaye aux claquettes. Il a h\u00e2te d\u2019ajouter quelques pas lors de ses diff\u00e9rentes animations\u2026<\/p>\n<p>Son nouveau d\u00e9fi ? La voix off :\u00a0 <a href=\"http:\/\/www.lesvoixdedom.com\">www.lesvoixdedom.com<\/a><br \/>\nD&#8217;autres techniques vocales, de nouvelles perspectives m\u00ealant jeu, contr\u00f4le de la voix, interpr\u00e9tations vari\u00e9es&#8230;une voix pour chaque projet !<\/p>\n","protected":false},"excerpt":{"rendered":"<p>Apr\u00e8s ses classes de diction et de d\u00e9clamation, Dominique prend des cours d\u2019art dramatique avec Vincent Dujardin au conservatoire de Ciney. Il re\u00e7oit \u00e0 deux reprises, le deuxi\u00e8me prix national de d\u00e9clamation. Il devient ensuite com\u00e9dien sur plusieurs projets avec diff\u00e9rentes troupes de th\u00e9\u00e2tre qui seront prim\u00e9es et recevront le Troph\u00e9e royal de la FNCD [&hellip;]<\/p>\n","protected":false},"author":2,"featured_media":0,"parent":0,"menu_order":0,"comment_status":"closed","ping_status":"closed","template":"","meta":{"footnotes":""},"class_list":["post-17","page","type-page","status-publish","hentry"],"yoast_head":"<!-- This site is optimized with the Yoast SEO plugin v27.3 - https:\/\/yoast.com\/product\/yoast-seo-wordpress\/ -->\n<title>Parcours artistique - Dominique Rectem<\/title>\n<meta name=\"robots\" content=\"index, follow, max-snippet:-1, max-image-preview:large, max-video-preview:-1\" \/>\n<link rel=\"canonical\" href=\"https:\/\/dominiquerectem.be\/index.php\/parcours-artistique\/\" \/>\n<meta property=\"og:locale\" content=\"en_US\" \/>\n<meta property=\"og:type\" content=\"article\" \/>\n<meta property=\"og:title\" content=\"Parcours artistique - Dominique Rectem\" \/>\n<meta property=\"og:description\" content=\"Apr\u00e8s ses classes de diction et de d\u00e9clamation, Dominique prend des cours d\u2019art dramatique avec Vincent Dujardin au conservatoire de Ciney. Il re\u00e7oit \u00e0 deux reprises, le deuxi\u00e8me prix national de d\u00e9clamation. Il devient ensuite com\u00e9dien sur plusieurs projets avec diff\u00e9rentes troupes de th\u00e9\u00e2tre qui seront prim\u00e9es et recevront le Troph\u00e9e royal de la FNCD [&hellip;]\" \/>\n<meta property=\"og:url\" content=\"https:\/\/dominiquerectem.be\/index.php\/parcours-artistique\/\" \/>\n<meta property=\"og:site_name\" content=\"Dominique Rectem\" \/>\n<meta property=\"article:publisher\" content=\"https:\/\/www.facebook.com\/rectem.dominique\" \/>\n<meta property=\"article:modified_time\" content=\"2019-09-14T10:09:14+00:00\" \/>\n<meta property=\"og:image\" content=\"http:\/\/dominiquerectem.be\/wp-content\/uploads\/2016\/12\/parcoursdom.jpg?w=249\" \/>\n<meta name=\"twitter:card\" content=\"summary_large_image\" \/>\n<meta name=\"twitter:site\" content=\"@DRectem\" \/>\n<meta name=\"twitter:label1\" content=\"Est. reading time\" \/>\n\t<meta name=\"twitter:data1\" content=\"2 minutes\" \/>\n<script type=\"application\/ld+json\" class=\"yoast-schema-graph\">{\"@context\":\"https:\\\/\\\/schema.org\",\"@graph\":[{\"@type\":\"WebPage\",\"@id\":\"https:\\\/\\\/dominiquerectem.be\\\/index.php\\\/parcours-artistique\\\/\",\"url\":\"https:\\\/\\\/dominiquerectem.be\\\/index.php\\\/parcours-artistique\\\/\",\"name\":\"Parcours artistique - Dominique Rectem\",\"isPartOf\":{\"@id\":\"https:\\\/\\\/dominiquerectem.be\\\/#website\"},\"primaryImageOfPage\":{\"@id\":\"https:\\\/\\\/dominiquerectem.be\\\/index.php\\\/parcours-artistique\\\/#primaryimage\"},\"image\":{\"@id\":\"https:\\\/\\\/dominiquerectem.be\\\/index.php\\\/parcours-artistique\\\/#primaryimage\"},\"thumbnailUrl\":\"http:\\\/\\\/dominiquerectem.be\\\/wp-content\\\/uploads\\\/2016\\\/12\\\/parcoursdom.jpg?w=249\",\"datePublished\":\"2016-11-15T19:08:26+00:00\",\"dateModified\":\"2019-09-14T10:09:14+00:00\",\"breadcrumb\":{\"@id\":\"https:\\\/\\\/dominiquerectem.be\\\/index.php\\\/parcours-artistique\\\/#breadcrumb\"},\"inLanguage\":\"en-US\",\"potentialAction\":[{\"@type\":\"ReadAction\",\"target\":[\"https:\\\/\\\/dominiquerectem.be\\\/index.php\\\/parcours-artistique\\\/\"]}]},{\"@type\":\"ImageObject\",\"inLanguage\":\"en-US\",\"@id\":\"https:\\\/\\\/dominiquerectem.be\\\/index.php\\\/parcours-artistique\\\/#primaryimage\",\"url\":\"https:\\\/\\\/dominiquerectem.be\\\/wp-content\\\/uploads\\\/2016\\\/12\\\/parcoursdom.jpg\",\"contentUrl\":\"https:\\\/\\\/dominiquerectem.be\\\/wp-content\\\/uploads\\\/2016\\\/12\\\/parcoursdom.jpg\",\"width\":309,\"height\":372,\"caption\":\"Dominique Rectem\"},{\"@type\":\"BreadcrumbList\",\"@id\":\"https:\\\/\\\/dominiquerectem.be\\\/index.php\\\/parcours-artistique\\\/#breadcrumb\",\"itemListElement\":[{\"@type\":\"ListItem\",\"position\":1,\"name\":\"Home\",\"item\":\"https:\\\/\\\/dominiquerectem.be\\\/\"},{\"@type\":\"ListItem\",\"position\":2,\"name\":\"Parcours artistique\"}]},{\"@type\":\"WebSite\",\"@id\":\"https:\\\/\\\/dominiquerectem.be\\\/#website\",\"url\":\"https:\\\/\\\/dominiquerectem.be\\\/\",\"name\":\"Dominique Rectem\",\"description\":\"Chanteur \u2013 Animateur \u2013 Com\u00e9dien\",\"publisher\":{\"@id\":\"https:\\\/\\\/dominiquerectem.be\\\/#\\\/schema\\\/person\\\/10b02f0bd839c3322024ddbc1537f4eb\"},\"potentialAction\":[{\"@type\":\"SearchAction\",\"target\":{\"@type\":\"EntryPoint\",\"urlTemplate\":\"https:\\\/\\\/dominiquerectem.be\\\/?s={search_term_string}\"},\"query-input\":{\"@type\":\"PropertyValueSpecification\",\"valueRequired\":true,\"valueName\":\"search_term_string\"}}],\"inLanguage\":\"en-US\"},{\"@type\":[\"Person\",\"Organization\"],\"@id\":\"https:\\\/\\\/dominiquerectem.be\\\/#\\\/schema\\\/person\\\/10b02f0bd839c3322024ddbc1537f4eb\",\"name\":\"Dominique Rectem\",\"image\":{\"@type\":\"ImageObject\",\"inLanguage\":\"en-US\",\"@id\":\"http:\\\/\\\/dominiquerectem.be\\\/wp-content\\\/uploads\\\/2016\\\/12\\\/parcoursdom.jpg\",\"url\":\"http:\\\/\\\/dominiquerectem.be\\\/wp-content\\\/uploads\\\/2016\\\/12\\\/parcoursdom.jpg\",\"contentUrl\":\"http:\\\/\\\/dominiquerectem.be\\\/wp-content\\\/uploads\\\/2016\\\/12\\\/parcoursdom.jpg\",\"width\":309,\"height\":372,\"caption\":\"Dominique Rectem\"},\"logo\":{\"@id\":\"http:\\\/\\\/dominiquerectem.be\\\/wp-content\\\/uploads\\\/2016\\\/12\\\/parcoursdom.jpg\"},\"sameAs\":[\"http:\\\/\\\/www.dominiquerectem.be\",\"https:\\\/\\\/www.facebook.com\\\/rectem.dominique\",\"https:\\\/\\\/www.instagram.com\\\/domi_tem\\\/\",\"https:\\\/\\\/www.linkedin.com\\\/in\\\/dominique-rectem-a3a4a878\",\"https:\\\/\\\/x.com\\\/https:\\\/\\\/twitter.com\\\/DRectem\"]}]}<\/script>\n<!-- \/ Yoast SEO plugin. -->","yoast_head_json":{"title":"Parcours artistique - Dominique Rectem","robots":{"index":"index","follow":"follow","max-snippet":"max-snippet:-1","max-image-preview":"max-image-preview:large","max-video-preview":"max-video-preview:-1"},"canonical":"https:\/\/dominiquerectem.be\/index.php\/parcours-artistique\/","og_locale":"en_US","og_type":"article","og_title":"Parcours artistique - Dominique Rectem","og_description":"Apr\u00e8s ses classes de diction et de d\u00e9clamation, Dominique prend des cours d\u2019art dramatique avec Vincent Dujardin au conservatoire de Ciney. Il re\u00e7oit \u00e0 deux reprises, le deuxi\u00e8me prix national de d\u00e9clamation. Il devient ensuite com\u00e9dien sur plusieurs projets avec diff\u00e9rentes troupes de th\u00e9\u00e2tre qui seront prim\u00e9es et recevront le Troph\u00e9e royal de la FNCD [&hellip;]","og_url":"https:\/\/dominiquerectem.be\/index.php\/parcours-artistique\/","og_site_name":"Dominique Rectem","article_publisher":"https:\/\/www.facebook.com\/rectem.dominique","article_modified_time":"2019-09-14T10:09:14+00:00","og_image":[{"url":"http:\/\/dominiquerectem.be\/wp-content\/uploads\/2016\/12\/parcoursdom.jpg?w=249","type":"","width":"","height":""}],"twitter_card":"summary_large_image","twitter_site":"@DRectem","twitter_misc":{"Est. reading time":"2 minutes"},"schema":{"@context":"https:\/\/schema.org","@graph":[{"@type":"WebPage","@id":"https:\/\/dominiquerectem.be\/index.php\/parcours-artistique\/","url":"https:\/\/dominiquerectem.be\/index.php\/parcours-artistique\/","name":"Parcours artistique - Dominique Rectem","isPartOf":{"@id":"https:\/\/dominiquerectem.be\/#website"},"primaryImageOfPage":{"@id":"https:\/\/dominiquerectem.be\/index.php\/parcours-artistique\/#primaryimage"},"image":{"@id":"https:\/\/dominiquerectem.be\/index.php\/parcours-artistique\/#primaryimage"},"thumbnailUrl":"http:\/\/dominiquerectem.be\/wp-content\/uploads\/2016\/12\/parcoursdom.jpg?w=249","datePublished":"2016-11-15T19:08:26+00:00","dateModified":"2019-09-14T10:09:14+00:00","breadcrumb":{"@id":"https:\/\/dominiquerectem.be\/index.php\/parcours-artistique\/#breadcrumb"},"inLanguage":"en-US","potentialAction":[{"@type":"ReadAction","target":["https:\/\/dominiquerectem.be\/index.php\/parcours-artistique\/"]}]},{"@type":"ImageObject","inLanguage":"en-US","@id":"https:\/\/dominiquerectem.be\/index.php\/parcours-artistique\/#primaryimage","url":"https:\/\/dominiquerectem.be\/wp-content\/uploads\/2016\/12\/parcoursdom.jpg","contentUrl":"https:\/\/dominiquerectem.be\/wp-content\/uploads\/2016\/12\/parcoursdom.jpg","width":309,"height":372,"caption":"Dominique Rectem"},{"@type":"BreadcrumbList","@id":"https:\/\/dominiquerectem.be\/index.php\/parcours-artistique\/#breadcrumb","itemListElement":[{"@type":"ListItem","position":1,"name":"Home","item":"https:\/\/dominiquerectem.be\/"},{"@type":"ListItem","position":2,"name":"Parcours artistique"}]},{"@type":"WebSite","@id":"https:\/\/dominiquerectem.be\/#website","url":"https:\/\/dominiquerectem.be\/","name":"Dominique Rectem","description":"Chanteur \u2013 Animateur \u2013 Com\u00e9dien","publisher":{"@id":"https:\/\/dominiquerectem.be\/#\/schema\/person\/10b02f0bd839c3322024ddbc1537f4eb"},"potentialAction":[{"@type":"SearchAction","target":{"@type":"EntryPoint","urlTemplate":"https:\/\/dominiquerectem.be\/?s={search_term_string}"},"query-input":{"@type":"PropertyValueSpecification","valueRequired":true,"valueName":"search_term_string"}}],"inLanguage":"en-US"},{"@type":["Person","Organization"],"@id":"https:\/\/dominiquerectem.be\/#\/schema\/person\/10b02f0bd839c3322024ddbc1537f4eb","name":"Dominique Rectem","image":{"@type":"ImageObject","inLanguage":"en-US","@id":"http:\/\/dominiquerectem.be\/wp-content\/uploads\/2016\/12\/parcoursdom.jpg","url":"http:\/\/dominiquerectem.be\/wp-content\/uploads\/2016\/12\/parcoursdom.jpg","contentUrl":"http:\/\/dominiquerectem.be\/wp-content\/uploads\/2016\/12\/parcoursdom.jpg","width":309,"height":372,"caption":"Dominique Rectem"},"logo":{"@id":"http:\/\/dominiquerectem.be\/wp-content\/uploads\/2016\/12\/parcoursdom.jpg"},"sameAs":["http:\/\/www.dominiquerectem.be","https:\/\/www.facebook.com\/rectem.dominique","https:\/\/www.instagram.com\/domi_tem\/","https:\/\/www.linkedin.com\/in\/dominique-rectem-a3a4a878","https:\/\/x.com\/https:\/\/twitter.com\/DRectem"]}]}},"_links":{"self":[{"href":"https:\/\/dominiquerectem.be\/index.php\/wp-json\/wp\/v2\/pages\/17","targetHints":{"allow":["GET"]}}],"collection":[{"href":"https:\/\/dominiquerectem.be\/index.php\/wp-json\/wp\/v2\/pages"}],"about":[{"href":"https:\/\/dominiquerectem.be\/index.php\/wp-json\/wp\/v2\/types\/page"}],"author":[{"embeddable":true,"href":"https:\/\/dominiquerectem.be\/index.php\/wp-json\/wp\/v2\/users\/2"}],"replies":[{"embeddable":true,"href":"https:\/\/dominiquerectem.be\/index.php\/wp-json\/wp\/v2\/comments?post=17"}],"version-history":[{"count":2,"href":"https:\/\/dominiquerectem.be\/index.php\/wp-json\/wp\/v2\/pages\/17\/revisions"}],"predecessor-version":[{"id":149,"href":"https:\/\/dominiquerectem.be\/index.php\/wp-json\/wp\/v2\/pages\/17\/revisions\/149"}],"wp:attachment":[{"href":"https:\/\/dominiquerectem.be\/index.php\/wp-json\/wp\/v2\/media?parent=17"}],"curies":[{"name":"wp","href":"https:\/\/api.w.org\/{rel}","templated":true}]}}